{"id":206,"date":"2024-11-14T06:25:06","date_gmt":"2024-11-14T06:25:06","guid":{"rendered":"https:\/\/valuebuilders.ch\/impressum\/"},"modified":"2024-12-23T09:20:20","modified_gmt":"2024-12-23T09:20:20","slug":"impressum","status":"publish","type":"page","link":"https:\/\/www.valuebuilders.ch\/fr\/impressum\/","title":{"rendered":"Mentions l\u00e9gales\u00a0"},"content":{"rendered":"\n<h3 class=\"wp-block-heading\">D\u00e9charge de responsabilit\u00e9\u00a0\u00a0<\/h3>\n\n\n\n<p>Tous les articles et illustrations publi\u00e9s sur ce site sont prot\u00e9g\u00e9s par le droit d\u2019auteur. Toute utilisation non autoris\u00e9e par la loi sur les droits d\u2019auteur requiert un accord \u00e9crit pr\u00e9alable. Cela s\u2019applique en particulier \u00e0 la reproduction, au traitement, \u00e0 la traduction, \u00e0 l\u2019enregistrement, au traitement ou \u00e0 la restitution de contenus dans des bases de donn\u00e9es ou d\u2019autres m\u00e9dias et syst\u00e8mes \u00e9lectroniques. Les photocopies et les t\u00e9l\u00e9chargements de pages web ne peuvent \u00eatre r\u00e9alis\u00e9s que pour un usage personnel, priv\u00e9 et non commercial.&nbsp;&nbsp;<\/p>\n\n\n\n<p>Le fournisseur d\u00e9cline toute responsabilit\u00e9 quant \u00e0 l\u2019exactitude, l\u2019exhaustivit\u00e9 et l\u2019actualit\u00e9 des informations fournies. Les articles refl\u00e8tent l\u2019opinion de leurs auteurs respectifs.&nbsp;&nbsp;<\/p>\n\n\n\n<h3 class=\"wp-block-heading\">R\u00e9daction&nbsp;<\/h3>\n\n\n\n<p><strong>Value Builders Group<br><\/strong>M\u00fchlebachstrasse 70<br>CH-8008 Z\u00fcrich<\/p>\n\n\n\n<p>E-Mail: <a href=\"mailto:info@valuebuilders.ch\">info@valuebuilders.ch<\/a><\/p>\n","protected":false},"excerpt":{"rendered":"<p>D\u00e9charge de responsabilit\u00e9\u00a0\u00a0 Tous les articles et illustrations publi\u00e9s sur ce site sont prot\u00e9g\u00e9s par le droit d\u2019auteur. Toute utilisation non autoris\u00e9e par la loi sur les droits d\u2019auteur requiert un accord \u00e9crit pr\u00e9alable. Cela s\u2019applique en particulier \u00e0 la reproduction, au traitement, \u00e0 la traduction, \u00e0 l\u2019enregistrement, au traitement ou \u00e0 la restitution de [&hellip;]<\/p>\n","protected":false},"author":1,"featured_media":0,"parent":0,"menu_order":1,"comment_status":"closed","ping_status":"closed","template":"","meta":{"_acf_changed":false,"footnotes":""},"class_list":["post-206","page","type-page","status-publish","hentry"],"acf":[],"yoast_head":"<!-- This site is optimized with the Yoast SEO plugin v27.5 - https:\/\/yoast.com\/product\/yoast-seo-wordpress\/ -->\n<title>Mentions l\u00e9gales\u00a0 - Value Builders Group<\/title>\n<meta name=\"robots\" content=\"index, follow, max-snippet:-1, max-image-preview:large, max-video-preview:-1\" \/>\n<link rel=\"canonical\" href=\"https:\/\/www.valuebuilders.ch\/fr\/impressum\/\" \/>\n<meta property=\"og:locale\" content=\"fr_FR\" \/>\n<meta property=\"og:type\" content=\"article\" \/>\n<meta property=\"og:title\" content=\"Mentions l\u00e9gales\u00a0 - Value Builders Group\" \/>\n<meta property=\"og:description\" content=\"D\u00e9charge de responsabilit\u00e9\u00a0\u00a0 Tous les articles et illustrations publi\u00e9s sur ce site sont prot\u00e9g\u00e9s par le droit d\u2019auteur. Toute utilisation non autoris\u00e9e par la loi sur les droits d\u2019auteur requiert un accord \u00e9crit pr\u00e9alable. Cela s\u2019applique en particulier \u00e0 la reproduction, au traitement, \u00e0 la traduction, \u00e0 l\u2019enregistrement, au traitement ou \u00e0 la restitution de [&hellip;]\" \/>\n<meta property=\"og:url\" content=\"https:\/\/www.valuebuilders.ch\/fr\/impressum\/\" \/>\n<meta property=\"og:site_name\" content=\"Value Builders Group\" \/>\n<meta property=\"article:modified_time\" content=\"2024-12-23T09:20:20+00:00\" \/>\n<meta name=\"twitter:card\" content=\"summary_large_image\" \/>\n<meta name=\"twitter:label1\" content=\"Dur\u00e9e de lecture estim\u00e9e\" \/>\n\t<meta name=\"twitter:data1\" content=\"1 minute\" \/>\n<script type=\"application\/ld+json\" class=\"yoast-schema-graph\">{\"@context\":\"https:\\\/\\\/schema.org\",\"@graph\":[{\"@type\":\"WebPage\",\"@id\":\"https:\\\/\\\/www.valuebuilders.ch\\\/fr\\\/impressum\\\/\",\"url\":\"https:\\\/\\\/www.valuebuilders.ch\\\/fr\\\/impressum\\\/\",\"name\":\"Mentions l\u00e9gales\u00a0 - Value Builders Group\",\"isPartOf\":{\"@id\":\"https:\\\/\\\/www.valuebuilders.ch\\\/fr\\\/#website\"},\"datePublished\":\"2024-11-14T06:25:06+00:00\",\"dateModified\":\"2024-12-23T09:20:20+00:00\",\"inLanguage\":\"fr-FR\",\"potentialAction\":[{\"@type\":\"ReadAction\",\"target\":[\"https:\\\/\\\/www.valuebuilders.ch\\\/fr\\\/impressum\\\/\"]}]},{\"@type\":\"WebSite\",\"@id\":\"https:\\\/\\\/www.valuebuilders.ch\\\/fr\\\/#website\",\"url\":\"https:\\\/\\\/www.valuebuilders.ch\\\/fr\\\/\",\"name\":\"Value Builders Group\",\"description\":\"Just another Level Consulting site\",\"publisher\":{\"@id\":\"https:\\\/\\\/www.valuebuilders.ch\\\/fr\\\/#organization\"},\"potentialAction\":[{\"@type\":\"SearchAction\",\"target\":{\"@type\":\"EntryPoint\",\"urlTemplate\":\"https:\\\/\\\/www.valuebuilders.ch\\\/fr\\\/?s={search_term_string}\"},\"query-input\":{\"@type\":\"PropertyValueSpecification\",\"valueRequired\":true,\"valueName\":\"search_term_string\"}}],\"inLanguage\":\"fr-FR\"},{\"@type\":\"Organization\",\"@id\":\"https:\\\/\\\/www.valuebuilders.ch\\\/fr\\\/#organization\",\"name\":\"Value Builders Group\",\"url\":\"https:\\\/\\\/www.valuebuilders.ch\\\/fr\\\/\",\"logo\":{\"@type\":\"ImageObject\",\"inLanguage\":\"fr-FR\",\"@id\":\"https:\\\/\\\/www.valuebuilders.ch\\\/fr\\\/#\\\/schema\\\/logo\\\/image\\\/\",\"url\":\"https:\\\/\\\/www.valuebuilders.ch\\\/wp-content\\\/uploads\\\/sites\\\/5\\\/2019\\\/12\\\/vbg-logo.png\",\"contentUrl\":\"https:\\\/\\\/www.valuebuilders.ch\\\/wp-content\\\/uploads\\\/sites\\\/5\\\/2019\\\/12\\\/vbg-logo.png\",\"width\":300,\"height\":300,\"caption\":\"Value Builders Group\"},\"image\":{\"@id\":\"https:\\\/\\\/www.valuebuilders.ch\\\/fr\\\/#\\\/schema\\\/logo\\\/image\\\/\"}}]}<\/script>\n<!-- \/ Yoast SEO plugin. -->","yoast_head_json":{"title":"Mentions l\u00e9gales\u00a0 - Value Builders Group","robots":{"index":"index","follow":"follow","max-snippet":"max-snippet:-1","max-image-preview":"max-image-preview:large","max-video-preview":"max-video-preview:-1"},"canonical":"https:\/\/www.valuebuilders.ch\/fr\/impressum\/","og_locale":"fr_FR","og_type":"article","og_title":"Mentions l\u00e9gales\u00a0 - Value Builders Group","og_description":"D\u00e9charge de responsabilit\u00e9\u00a0\u00a0 Tous les articles et illustrations publi\u00e9s sur ce site sont prot\u00e9g\u00e9s par le droit d\u2019auteur. Toute utilisation non autoris\u00e9e par la loi sur les droits d\u2019auteur requiert un accord \u00e9crit pr\u00e9alable. Cela s\u2019applique en particulier \u00e0 la reproduction, au traitement, \u00e0 la traduction, \u00e0 l\u2019enregistrement, au traitement ou \u00e0 la restitution de [&hellip;]","og_url":"https:\/\/www.valuebuilders.ch\/fr\/impressum\/","og_site_name":"Value Builders Group","article_modified_time":"2024-12-23T09:20:20+00:00","twitter_card":"summary_large_image","twitter_misc":{"Dur\u00e9e de lecture estim\u00e9e":"1 minute"},"schema":{"@context":"https:\/\/schema.org","@graph":[{"@type":"WebPage","@id":"https:\/\/www.valuebuilders.ch\/fr\/impressum\/","url":"https:\/\/www.valuebuilders.ch\/fr\/impressum\/","name":"Mentions l\u00e9gales\u00a0 - Value Builders Group","isPartOf":{"@id":"https:\/\/www.valuebuilders.ch\/fr\/#website"},"datePublished":"2024-11-14T06:25:06+00:00","dateModified":"2024-12-23T09:20:20+00:00","inLanguage":"fr-FR","potentialAction":[{"@type":"ReadAction","target":["https:\/\/www.valuebuilders.ch\/fr\/impressum\/"]}]},{"@type":"WebSite","@id":"https:\/\/www.valuebuilders.ch\/fr\/#website","url":"https:\/\/www.valuebuilders.ch\/fr\/","name":"Value Builders Group","description":"Just another Level Consulting site","publisher":{"@id":"https:\/\/www.valuebuilders.ch\/fr\/#organization"},"potentialAction":[{"@type":"SearchAction","target":{"@type":"EntryPoint","urlTemplate":"https:\/\/www.valuebuilders.ch\/fr\/?s={search_term_string}"},"query-input":{"@type":"PropertyValueSpecification","valueRequired":true,"valueName":"search_term_string"}}],"inLanguage":"fr-FR"},{"@type":"Organization","@id":"https:\/\/www.valuebuilders.ch\/fr\/#organization","name":"Value Builders Group","url":"https:\/\/www.valuebuilders.ch\/fr\/","logo":{"@type":"ImageObject","inLanguage":"fr-FR","@id":"https:\/\/www.valuebuilders.ch\/fr\/#\/schema\/logo\/image\/","url":"https:\/\/www.valuebuilders.ch\/wp-content\/uploads\/sites\/5\/2019\/12\/vbg-logo.png","contentUrl":"https:\/\/www.valuebuilders.ch\/wp-content\/uploads\/sites\/5\/2019\/12\/vbg-logo.png","width":300,"height":300,"caption":"Value Builders Group"},"image":{"@id":"https:\/\/www.valuebuilders.ch\/fr\/#\/schema\/logo\/image\/"}}]}},"_links":{"self":[{"href":"https:\/\/www.valuebuilders.ch\/fr\/wp-json\/wp\/v2\/pages\/206","targetHints":{"allow":["GET"]}}],"collection":[{"href":"https:\/\/www.valuebuilders.ch\/fr\/wp-json\/wp\/v2\/pages"}],"about":[{"href":"https:\/\/www.valuebuilders.ch\/fr\/wp-json\/wp\/v2\/types\/page"}],"author":[{"embeddable":true,"href":"https:\/\/www.valuebuilders.ch\/fr\/wp-json\/wp\/v2\/users\/1"}],"replies":[{"embeddable":true,"href":"https:\/\/www.valuebuilders.ch\/fr\/wp-json\/wp\/v2\/comments?post=206"}],"version-history":[{"count":5,"href":"https:\/\/www.valuebuilders.ch\/fr\/wp-json\/wp\/v2\/pages\/206\/revisions"}],"predecessor-version":[{"id":262,"href":"https:\/\/www.valuebuilders.ch\/fr\/wp-json\/wp\/v2\/pages\/206\/revisions\/262"}],"wp:attachment":[{"href":"https:\/\/www.valuebuilders.ch\/fr\/wp-json\/wp\/v2\/media?parent=206"}],"curies":[{"name":"wp","href":"https:\/\/api.w.org\/{rel}","templated":true}]}}